{"id":1985,"date":"2024-11-12T18:25:10","date_gmt":"2024-11-12T18:25:10","guid":{"rendered":"https:\/\/automor.es\/?page_id=1985"},"modified":"2024-11-12T18:30:23","modified_gmt":"2024-11-12T18:30:23","slug":"politica-de-cookies","status":"publish","type":"page","link":"https:\/\/automor.es\/en\/politica-de-cookies\/","title":{"rendered":"Cookie policy"},"content":{"rendered":"<div data-elementor-type=\"wp-page\" data-elementor-id=\"1985\" class=\"elementor elementor-1985\" data-elementor-post-type=\"page\">\n\t\t\t\t\t\t<section class=\"elementor-section elementor-top-section elementor-element elementor-element-5cd35bb elementor-section-boxed elementor-section-height-default elementor-section-height-default\" data-id=\"5cd35bb\" data-element_type=\"section\" data-e-type=\"section\" data-settings=\"{&quot;background_background&quot;:&quot;classic&quot;,&quot;jet_parallax_layout_list&quot;:[]}\">\n\t\t\t\t\t\t\t<div class=\"elementor-background-overlay\"><\/div>\n\t\t\t\t\t\t\t<div class=\"elementor-container elementor-column-gap-no\">\n\t\t\t\t\t<div class=\"elementor-column elementor-col-100 elementor-top-column elementor-element elementor-element-ae6097c\" data-id=\"ae6097c\" data-element_type=\"column\" data-e-type=\"column\">\n\t\t\t<div class=\"elementor-widget-wrap elementor-element-populated\">\n\t\t\t\t\t\t<div class=\"elementor-element elementor-element-426a536 elementor-icon-list--layout-inline elementor-align-center elementor-list-item-link-full_width elementor-widget elementor-widget-icon-list\" data-id=\"426a536\" data-element_type=\"widget\" data-e-type=\"widget\" data-widget_type=\"icon-list.default\">\n\t\t\t\t<div class=\"elementor-widget-container\">\n\t\t\t\t\t\t\t<ul class=\"elementor-icon-list-items elementor-inline-items\">\n\t\t\t\t\t\t\t<li class=\"elementor-icon-list-item elementor-inline-item\">\n\t\t\t\t\t\t\t\t\t\t\t<a href=\"#\">\n\n\t\t\t\t\t\t\t\t\t\t\t<span class=\"elementor-icon-list-text\">HOME<\/span>\n\t\t\t\t\t\t\t\t\t\t\t<\/a>\n\t\t\t\t\t\t\t\t\t<\/li>\n\t\t\t\t\t\t\t\t<li class=\"elementor-icon-list-item elementor-inline-item\">\n\t\t\t\t\t\t\t\t\t\t<span class=\"elementor-icon-list-text\">POL\u00cdTICA DE COOKIES<\/span>\n\t\t\t\t\t\t\t\t\t<\/li>\n\t\t\t\t\t\t<\/ul>\n\t\t\t\t\t\t<\/div>\n\t\t\t\t<\/div>\n\t\t\t\t<div class=\"elementor-element elementor-element-ba1780a elementor-widget elementor-widget-heading\" data-id=\"ba1780a\" data-element_type=\"widget\" data-e-type=\"widget\" data-widget_type=\"heading.default\">\n\t\t\t\t<div class=\"elementor-widget-container\">\n\t\t\t\t\t<h1 class=\"elementor-heading-title elementor-size-default\">POL\u00cdTICA DE cookies<\/h1>\t\t\t\t<\/div>\n\t\t\t\t<\/div>\n\t\t\t\t\t<\/div>\n\t\t<\/div>\n\t\t\t\t\t<\/div>\n\t\t<\/section>\n\t\t<div class=\"elementor-element elementor-element-d15f3a3 e-flex e-con-boxed e-con e-parent\" data-id=\"d15f3a3\" data-element_type=\"container\" data-e-type=\"container\" data-settings=\"{&quot;jet_parallax_layout_list&quot;:[]}\">\n\t\t\t\t\t<div class=\"e-con-inner\">\n\t\t\t\t<div class=\"elementor-element elementor-element-6c2a44a elementor-widget elementor-widget-text-editor\" data-id=\"6c2a44a\" data-element_type=\"widget\" data-e-type=\"widget\" data-widget_type=\"text-editor.default\">\n\t\t\t\t<div class=\"elementor-widget-container\">\n\t\t\t\t\t\t\t\t\t<p><span style=\"font-weight: 400;\">Este portal, al igual que la mayor\u00eda de portales en Internet, usa cookies para mejorar la experiencia del usuario. A continuaci\u00f3n encontrar\u00e1 informaci\u00f3n sobre qu\u00e9 son las \u201ccookies\u201d, qu\u00e9 tipo de cookies utiliza este portal, c\u00f3mo puede desactivar las cookies en su navegador y c\u00f3mo desactivar espec\u00edficamente la instalaci\u00f3n de cookies de terceros. Si no encuentra la informaci\u00f3n espec\u00edfica que usted est\u00e1 buscando, por favor dir\u00edjase a ventas<\/span><span style=\"font-weight: 400;\">@automor.es<\/span><\/p><p><b>\u00bfQu\u00e9 son las cookies?<\/b><b><br \/><\/b><span style=\"font-weight: 400;\">Las cookies son peque\u00f1os archivos que algunas plataformas, como las p\u00e1ginas web, pueden instalar en su ordenador, smartphone, tableta o televisi\u00f3n conectada. Sus funciones pueden ser muy variadas: almacenar sus preferencias de navegaci\u00f3n, recopilar informaci\u00f3n estad\u00edstica, permitir ciertas funcionalidades t\u00e9cnicas, etc\u00e9tera. En ocasiones, las cookies se utilizan para almacenar informaci\u00f3n b\u00e1sica sobre los h\u00e1bitos de navegaci\u00f3n del usuario o de su equipo, hasta el punto, seg\u00fan los casos, de poder reconocerlo.<\/span><\/p><p><b>\u00bfPor qu\u00e9 son importantes?<\/b><b><br \/><\/b><span style=\"font-weight: 400;\">Las cookies son \u00fatiles por varios motivos. Desde un punto de vista t\u00e9cnico, permiten que las p\u00e1ginas web funcionen de forma m\u00e1s \u00e1gil y adaptada a sus preferencias, como por ejemplo almacenar su idioma o la moneda de su pa\u00eds. Adem\u00e1s, ayudan a los responsables de los sitios web a mejorar los servicios que ofrecen, gracias a la informaci\u00f3n estad\u00edstica que recogen a trav\u00e9s de ellas. Finalmente, sirven para hacer m\u00e1s eficiente la publicidad que le mostramos, gracias a la cual le podemos ofrecer servicios de forma gratuita.<\/span><\/p><p><b>\u00bfC\u00f3mo utilizamos las cookies?<\/b><b><br \/><\/b><span style=\"font-weight: 400;\">Navegar por este portal supone que se puedan instalar los siguientes tipos de cookies:<\/span><\/p><ul><li style=\"font-weight: 400;\" aria-level=\"1\"><b>Cookies de mejora del rendimiento<\/b><b><br \/><\/b><span style=\"font-weight: 400;\">Este tipo de cookies conserva sus preferencias para ciertas herramientas o servicios para que no tenga que reconfigurarlos cada vez que visita nuestro portal y, en algunos casos, pueden ser aportadas por terceros. Algunos ejemplos son: volumen de los reproductores audiovisuales, preferencias de ordenaci\u00f3n de art\u00edculos o velocidades de reproducci\u00f3n de v\u00eddeo compatibles. En el caso de comercio electr\u00f3nico, permiten mantener informaci\u00f3n sobre su cesta de la compra.<\/span><\/li><li style=\"font-weight: 400;\" aria-level=\"1\"><b>Cookies de an\u00e1lisis estad\u00edstico<\/b><b><br \/><\/b><span style=\"font-weight: 400;\">Son aquellas que, bien tratadas por nosotros o por terceros, permiten cuantificar el n\u00famero de visitantes y analizar estad\u00edsticamente la utilizaci\u00f3n que hacen los usuarios de nuestros servicios. Gracias a ello podemos estudiar la navegaci\u00f3n por nuestra p\u00e1gina web, y mejorar as\u00ed la oferta de productos o servicios que ofrecemos.<\/span><\/li><li style=\"font-weight: 400;\" aria-level=\"1\"><b>Cookies de geolocalizaci\u00f3n<\/b><b><br \/><\/b><span style=\"font-weight: 400;\">Estas cookies son usadas por programas que intentan localizar geogr\u00e1ficamente la situaci\u00f3n del ordenador, smartphone, tableta o televisi\u00f3n conectada, para de manera totalmente an\u00f3nima ofrecerle contenidos y servicios m\u00e1s adecuados.<\/span><\/li><li style=\"font-weight: 400;\" aria-level=\"1\"><b>Cookies de registro<\/b><b><br \/><\/b><span style=\"font-weight: 400;\">Cuando usted se registra en nuestro portal, se generan cookies que le identifican como usuario registrado e indican cu\u00e1ndo usted se ha identificado en el portal.<\/span><span style=\"font-weight: 400;\"><br \/><\/span><span style=\"font-weight: 400;\">Estas cookies son utilizadas para identificar su cuenta de usuario y sus servicios asociados. Estas cookies se mantienen mientras usted no abandone la cuenta, cierre el navegador o apague el dispositivo.<\/span><span style=\"font-weight: 400;\"><br \/><\/span><span style=\"font-weight: 400;\">Estas cookies pueden ser utilizadas en combinaci\u00f3n con datos anal\u00edticos para identificar de manera individual sus preferencias en nuestro portal.<\/span><\/li><li style=\"font-weight: 400;\" aria-level=\"1\"><b>Cookies publicitarias<\/b><b><br \/><\/b><span style=\"font-weight: 400;\">Son aqu\u00e9llas que, bien tratadas por nosotros o por terceros, permiten gestionar eficazmente los espacios publicitarios de nuestro sitio web, adecuando el contenido del anuncio al contenido del servicio solicitado o al uso que realice de nuestra p\u00e1gina web. Gracias a ella podemos conocer sus h\u00e1bitos de navegaci\u00f3n en internet y mostrarle publicidad relacionada con su perfil de navegaci\u00f3n.<\/span><\/li><li style=\"font-weight: 400;\" aria-level=\"1\"><b>Otras cookies de terceros<\/b><b><br \/><\/b><span style=\"font-weight: 400;\">En algunas de nuestras p\u00e1ginas se pueden instalar cookies de terceros que permitan gestionar y mejorar los servicios que \u00e9stos ofrecen. Un ejemplo de este uso son los enlaces a las redes sociales que permiten compartir nuestros contenidos.<\/span><\/li><\/ul><p><b>\u00bfC\u00f3mo puedo configurar mis preferencias y revocar mi consentimiento a la aceptaci\u00f3n de cookies?<\/b><b><br \/><\/b><span style=\"font-weight: 400;\">Puede obtener m\u00e1s informaci\u00f3n sobre las cookies que utilizamos o desactivarlas en el siguiente bot\u00f3n:<\/span><\/p><p><span style=\"font-weight: 400;\">Cambiar ajustes<\/span><\/p><p><span style=\"font-weight: 400;\">Puede permitir, bloquear o eliminar las cookies instaladas en su equipo, as\u00ed como revocar el consentimiento previamente prestado, mediante la configuraci\u00f3n de las opciones de su navegador de internet. En el caso en que las bloquee, es posible que ciertos servicios que necesitan su uso no est\u00e9n disponibles para usted.<\/span><span style=\"font-weight: 400;\"><br \/><\/span><span style=\"font-weight: 400;\">A continuaci\u00f3n le ofrecemos enlaces en los que encontrar\u00e1 informaci\u00f3n sobre c\u00f3mo puede activar sus preferencias en los principales navegadores:<\/span><\/p><p><a href=\"https:\/\/support.google.com\/chrome\/answer\/95647?hl=es\"><span style=\"font-weight: 400;\">Google Chrome<\/span><span style=\"font-weight: 400;\"><br \/><\/span><\/a><a href=\"https:\/\/support.mozilla.org\/es\/kb\/cookies-informacion-que-los-sitios-web-guardan-en-?redirectlocale=en-US&amp;redirectslug=Cookies\"><span style=\"font-weight: 400;\">Mozilla Firefox<\/span><span style=\"font-weight: 400;\"><br \/><\/span><\/a><a href=\"https:\/\/support.microsoft.com\/es-es\/kb\/196955\/es-es\"><span style=\"font-weight: 400;\">Internet Explorer<\/span><span style=\"font-weight: 400;\"><br \/><\/span><\/a><a href=\"https:\/\/support.apple.com\/es-es\/HT201265\"><span style=\"font-weight: 400;\">Safari para IOS (iPhone, iPad)<\/span><span style=\"font-weight: 400;\"><br \/><\/span><\/a><a href=\"http:\/\/www.macromedia.com\/support\/documentation\/es\/flashplayer\/help\/settings_manager07.html\"><span style=\"font-weight: 400;\">Cookies Flash<\/span><\/a><\/p><p><span style=\"font-weight: 400;\">Si desea contactar con nosotros respecto nuestra pol\u00edtica de cookies, puede hacerlo en ventas@automor.es<\/span><\/p>\t\t\t\t\t\t\t\t<\/div>\n\t\t\t\t<\/div>\n\t\t\t\t\t<\/div>\n\t\t\t\t<\/div>\n\t\t\t\t<\/div>","protected":false},"excerpt":{"rendered":"<p>HOME POL\u00cdTICA DE COOKIES POL\u00cdTICA DE cookies Este portal, al igual que la mayor\u00eda de portales en Internet, usa cookies para mejorar la experiencia del usuario. A continuaci\u00f3n encontrar\u00e1 informaci\u00f3n sobre qu\u00e9 son las \u201ccookies\u201d, qu\u00e9 tipo de cookies utiliza este portal, c\u00f3mo puede desactivar las cookies en su navegador y c\u00f3mo desactivar espec\u00edficamente la [&hellip;]<\/p>\n","protected":false},"author":1,"featured_media":0,"parent":0,"menu_order":0,"comment_status":"closed","ping_status":"closed","template":"elementor_header_footer","meta":{"footnotes":""},"class_list":["post-1985","page","type-page","status-publish","hentry"],"_links":{"self":[{"href":"https:\/\/automor.es\/en\/wp-json\/wp\/v2\/pages\/1985","targetHints":{"allow":["GET"]}}],"collection":[{"href":"https:\/\/automor.es\/en\/wp-json\/wp\/v2\/pages"}],"about":[{"href":"https:\/\/automor.es\/en\/wp-json\/wp\/v2\/types\/page"}],"author":[{"embeddable":true,"href":"https:\/\/automor.es\/en\/wp-json\/wp\/v2\/users\/1"}],"replies":[{"embeddable":true,"href":"https:\/\/automor.es\/en\/wp-json\/wp\/v2\/comments?post=1985"}],"version-history":[{"count":7,"href":"https:\/\/automor.es\/en\/wp-json\/wp\/v2\/pages\/1985\/revisions"}],"predecessor-version":[{"id":1993,"href":"https:\/\/automor.es\/en\/wp-json\/wp\/v2\/pages\/1985\/revisions\/1993"}],"wp:attachment":[{"href":"https:\/\/automor.es\/en\/wp-json\/wp\/v2\/media?parent=1985"}],"curies":[{"name":"wp","href":"https:\/\/api.w.org\/{rel}","templated":true}]}}